{"id":214,"date":"2025-07-16T12:44:44","date_gmt":"2025-07-16T17:44:44","guid":{"rendered":"https:\/\/sintitubear.org\/?page_id=214"},"modified":"2025-07-16T12:44:44","modified_gmt":"2025-07-16T17:44:44","slug":"carrito","status":"publish","type":"page","link":"https:\/\/sintitubear.org\/?page_id=214","title":{"rendered":"Carrito"},"content":{"rendered":"\n<div data-block-name=\"woocommerce\/cart\" class=\"wp-block-woocommerce-cart alignwide is-loading\">\n<div data-block-name=\"woocommerce\/filled-cart-block\" class=\"wp-block-woocommerce-filled-cart-block\">\n<div data-block-name=\"woocommerce\/cart-items-block\" class=\"wp-block-woocommerce-cart-items-block\">\n<div data-block-name=\"woocommerce\/cart-line-items-block\" class=\"wp-block-woocommerce-cart-line-items-block\"><\/div>\n\n\n\n<div data-block-name=\"woocommerce\/cart-cross-sells-block\" class=\"wp-block-woocommerce-cart-cross-sells-block\">\n<h2 class=\"wp-block-heading has-large-font-size\">Puede que te interese\u2026<\/h2>\n\n\n\n<div data-block-name=\"woocommerce\/cart-cross-sells-products-block\" class=\"wp-block-woocommerce-cart-cross-sells-products-block\"><\/div>\n<\/div>\n<\/div>\n\n\n\n<div data-block-name=\"woocommerce\/cart-totals-block\" class=\"wp-block-woocommerce-cart-totals-block\">\n<div data-block-name=\"woocommerce\/cart-order-summary-block\" class=\"wp-block-woocommerce-cart-order-summary-block\">\n<div data-block-name=\"woocommerce\/cart-order-summary-heading-block\" class=\"wp-block-woocommerce-cart-order-summary-heading-block\"><\/div><div data-block-name=\"woocommerce\/cart-order-summary-coupon-form-block\" class=\"wp-block-woocommerce-cart-order-summary-coupon-form-block\"><\/div><div data-block-name=\"woocommerce\/cart-order-summary-totals-block\" class=\"wp-block-woocommerce-cart-order-summary-totals-block\">\n<div data-block-name=\"woocommerce\/cart-order-summary-subtotal-block\" class=\"wp-block-woocommerce-cart-order-summary-subtotal-block\"><\/div>\n<div data-block-name=\"woocommerce\/cart-order-summary-discount-block\" class=\"wp-block-woocommerce-cart-order-summary-discount-block\"><\/div>\n<div data-block-name=\"woocommerce\/cart-order-summary-fee-block\" class=\"wp-block-woocommerce-cart-order-summary-fee-block\"><\/div>\n<div data-block-name=\"woocommerce\/cart-order-summary-shipping-block\" class=\"wp-block-woocommerce-cart-order-summary-shipping-block\"><\/div>\n<div data-block-name=\"woocommerce\/cart-order-summary-taxes-block\" class=\"wp-block-woocommerce-cart-order-summary-taxes-block\"><\/div><\/div>\n<\/div>\n\n\n\n<div data-block-name=\"woocommerce\/cart-express-payment-block\" class=\"wp-block-woocommerce-cart-express-payment-block\"><\/div>\n\n\n\n<div data-block-name=\"woocommerce\/proceed-to-checkout-block\" class=\"wp-block-woocommerce-proceed-to-checkout-block\"><\/div>\n\n\n\n<div data-block-name=\"woocommerce\/cart-accepted-payment-methods-block\" class=\"wp-block-woocommerce-cart-accepted-payment-methods-block\"><\/div>\n<\/div>\n<\/div>\n\n\n\n<div data-block-name=\"woocommerce\/empty-cart-block\" class=\"wp-block-woocommerce-empty-cart-block\">\n<h2 class=\"wp-block-heading has-text-align-center with-empty-cart-icon wc-block-cart__empty-cart__title\">\u00a1Tu carrito actualmente est\u00e1 vac\u00edo!<\/h2>\n\n\n\n<hr class=\"wp-block-separator has-alpha-channel-opacity is-style-dots\"\/>\n\n\n\n<h2 class=\"wp-block-heading has-text-align-center\">Nuevo en la tienda<\/h2>\n\n\n<div data-block-name=\"woocommerce\/product-new\" data-columns=\"4\" data-rows=\"1\" class=\"wc-block-grid wp-block-product-new wp-block-woocommerce-product-new wc-block-product-new has-4-columns\"><ul class=\"wc-block-grid__products\"><li class=\"wc-block-grid__product\">\n\t\t\t\t<a href=\"https:\/\/sintitubear.org\/?product=genesis-22-manualidades-biblicas-para-ninos-pdf-gratis\" class=\"wc-block-grid__product-link\">\n\t\t\t\t\t\n\t\t\t\t\t<div class=\"wc-block-grid__product-image\"><img loading=\"lazy\" decoding=\"async\" width=\"800\" height=\"800\" src=\"https:\/\/sintitubear.org\/wp-content\/uploads\/2026\/01\/Portada-WEB-25-800x800.png\" class=\"attachment-woocommerce_thumbnail size-woocommerce_thumbnail\" alt=\"G\u00e9nesis 22 - Manualidades B\u00edblicas para Ni\u00f1os (PDF Gratis)\" srcset=\"https:\/\/sintitubear.org\/wp-content\/uploads\/2026\/01\/Portada-WEB-25-800x800.png 800w, https:\/\/sintitubear.org\/wp-content\/uploads\/2026\/01\/Portada-WEB-25-500x500.png 500w, https:\/\/sintitubear.org\/wp-content\/uploads\/2026\/01\/Portada-WEB-25-300x300.png 300w, https:\/\/sintitubear.org\/wp-content\/uploads\/2026\/01\/Portada-WEB-25-768x768.png 768w, https:\/\/sintitubear.org\/wp-content\/uploads\/2026\/01\/Portada-WEB-25-150x150.png 150w, https:\/\/sintitubear.org\/wp-content\/uploads\/2026\/01\/Portada-WEB-25-75x75.png 75w, https:\/\/sintitubear.org\/wp-content\/uploads\/2026\/01\/Portada-WEB-25-480x480.png 480w, https:\/\/sintitubear.org\/wp-content\/uploads\/2026\/01\/Portada-WEB-25.png 1000w\" sizes=\"auto, (max-width:767px) 480px, (max-width:800px) 100vw, 800px\" \/><\/div>\n\t\t\t\t\t<div class=\"wc-block-grid__product-title\">G\u00e9nesis 22 &#8211; Manualidades B\u00edblicas para Ni\u00f1os (PDF Gratis)<\/div>\n\t\t\t\t<\/a>\n\t\t\t\t<div class=\"wc-block-grid__product-price price\"><span class=\"woocommerce-Price-amount amount\">0,00&nbsp;<span class=\"woocommerce-Price-currencySymbol\">&euro;<\/span><\/span><\/div>\n\t\t\t\t\n\t\t\t\t<div class=\"wp-block-button wc-block-grid__product-add-to-cart\"><a href=\"\/index.php?rest_route=%2Fwp%2Fv2%2Fpages%2F214&#038;add-to-cart=1665\" aria-label=\"Add to cart: &ldquo;G\u00e9nesis 22 - Manualidades B\u00edblicas para Ni\u00f1os (PDF Gratis)&rdquo;\" data-quantity=\"1\" data-product_id=\"1665\" data-product_sku=\"\" data-price=\"0\" rel=\"nofollow\" class=\"wp-block-button__link  add_to_cart_button ajax_add_to_cart\">A\u00f1adir al carrito<\/a><\/div>\n\t\t\t<\/li><li class=\"wc-block-grid__product\">\n\t\t\t\t<a href=\"https:\/\/sintitubear.org\/?product=genesis-19-manualidades-biblicas-para-ninos-pdf-gratis\" class=\"wc-block-grid__product-link\">\n\t\t\t\t\t\n\t\t\t\t\t<div class=\"wc-block-grid__product-image\"><img loading=\"lazy\" decoding=\"async\" width=\"800\" height=\"800\" src=\"https:\/\/sintitubear.org\/wp-content\/uploads\/2026\/01\/Portada-WEB-23-800x800.png\" class=\"attachment-woocommerce_thumbnail size-woocommerce_thumbnail\" alt=\"G\u00e9nesis 19 - Manualidades B\u00edblicas para Ni\u00f1os (PDF Gratis)\" srcset=\"https:\/\/sintitubear.org\/wp-content\/uploads\/2026\/01\/Portada-WEB-23-800x800.png 800w, https:\/\/sintitubear.org\/wp-content\/uploads\/2026\/01\/Portada-WEB-23-500x500.png 500w, https:\/\/sintitubear.org\/wp-content\/uploads\/2026\/01\/Portada-WEB-23-300x300.png 300w, https:\/\/sintitubear.org\/wp-content\/uploads\/2026\/01\/Portada-WEB-23-768x768.png 768w, https:\/\/sintitubear.org\/wp-content\/uploads\/2026\/01\/Portada-WEB-23-150x150.png 150w, https:\/\/sintitubear.org\/wp-content\/uploads\/2026\/01\/Portada-WEB-23-75x75.png 75w, https:\/\/sintitubear.org\/wp-content\/uploads\/2026\/01\/Portada-WEB-23-480x480.png 480w, https:\/\/sintitubear.org\/wp-content\/uploads\/2026\/01\/Portada-WEB-23.png 1000w\" sizes=\"auto, (max-width:767px) 480px, (max-width:800px) 100vw, 800px\" \/><\/div>\n\t\t\t\t\t<div class=\"wc-block-grid__product-title\">G\u00e9nesis 19 &#8211; Manualidades B\u00edblicas para Ni\u00f1os (PDF Gratis)<\/div>\n\t\t\t\t<\/a>\n\t\t\t\t<div class=\"wc-block-grid__product-price price\"><span class=\"woocommerce-Price-amount amount\">0,00&nbsp;<span class=\"woocommerce-Price-currencySymbol\">&euro;<\/span><\/span><\/div>\n\t\t\t\t\n\t\t\t\t<div class=\"wp-block-button wc-block-grid__product-add-to-cart\"><a href=\"\/index.php?rest_route=%2Fwp%2Fv2%2Fpages%2F214&#038;add-to-cart=1613\" aria-label=\"Add to cart: &ldquo;G\u00e9nesis 19 - Manualidades B\u00edblicas para Ni\u00f1os (PDF Gratis)&rdquo;\" data-quantity=\"1\" data-product_id=\"1613\" data-product_sku=\"\" data-price=\"0\" rel=\"nofollow\" class=\"wp-block-button__link  add_to_cart_button ajax_add_to_cart\">A\u00f1adir al carrito<\/a><\/div>\n\t\t\t<\/li><li class=\"wc-block-grid__product\">\n\t\t\t\t<a href=\"https:\/\/sintitubear.org\/?product=manualidades-biblicas-para-ninos-genesis-1814-pdf-gratis\" class=\"wc-block-grid__product-link\">\n\t\t\t\t\t\n\t\t\t\t\t<div class=\"wc-block-grid__product-image\"><img loading=\"lazy\" decoding=\"async\" width=\"800\" height=\"800\" src=\"https:\/\/sintitubear.org\/wp-content\/uploads\/2026\/01\/Portada-WEB-21-800x800.png\" class=\"attachment-woocommerce_thumbnail size-woocommerce_thumbnail\" alt=\"G\u00e9nesis 18:14 - Manualidades B\u00edblicas para Ni\u00f1os (PDF Gratis)\" srcset=\"https:\/\/sintitubear.org\/wp-content\/uploads\/2026\/01\/Portada-WEB-21-800x800.png 800w, https:\/\/sintitubear.org\/wp-content\/uploads\/2026\/01\/Portada-WEB-21-500x500.png 500w, https:\/\/sintitubear.org\/wp-content\/uploads\/2026\/01\/Portada-WEB-21-300x300.png 300w, https:\/\/sintitubear.org\/wp-content\/uploads\/2026\/01\/Portada-WEB-21-768x768.png 768w, https:\/\/sintitubear.org\/wp-content\/uploads\/2026\/01\/Portada-WEB-21-150x150.png 150w, https:\/\/sintitubear.org\/wp-content\/uploads\/2026\/01\/Portada-WEB-21-75x75.png 75w, https:\/\/sintitubear.org\/wp-content\/uploads\/2026\/01\/Portada-WEB-21-480x480.png 480w, https:\/\/sintitubear.org\/wp-content\/uploads\/2026\/01\/Portada-WEB-21.png 1000w\" sizes=\"auto, (max-width:767px) 480px, (max-width:800px) 100vw, 800px\" \/><\/div>\n\t\t\t\t\t<div class=\"wc-block-grid__product-title\">G\u00e9nesis 18:14 &#8211; Manualidades B\u00edblicas para Ni\u00f1os (PDF Gratis)<\/div>\n\t\t\t\t<\/a>\n\t\t\t\t<div class=\"wc-block-grid__product-price price\"><span class=\"woocommerce-Price-amount amount\">0,00&nbsp;<span class=\"woocommerce-Price-currencySymbol\">&euro;<\/span><\/span><\/div>\n\t\t\t\t\n\t\t\t\t<div class=\"wp-block-button wc-block-grid__product-add-to-cart\"><a href=\"\/index.php?rest_route=%2Fwp%2Fv2%2Fpages%2F214&#038;add-to-cart=1342\" aria-label=\"Add to cart: &ldquo;G\u00e9nesis 18:14 - Manualidades B\u00edblicas para Ni\u00f1os (PDF Gratis)&rdquo;\" data-quantity=\"1\" data-product_id=\"1342\" data-product_sku=\"\" data-price=\"0\" rel=\"nofollow\" class=\"wp-block-button__link  add_to_cart_button ajax_add_to_cart\">A\u00f1adir al carrito<\/a><\/div>\n\t\t\t<\/li><li class=\"wc-block-grid__product\">\n\t\t\t\t<a href=\"https:\/\/sintitubear.org\/?product=manualidades-biblicas-para-ninos-genesis-11-pdf-gratis\" class=\"wc-block-grid__product-link\">\n\t\t\t\t\t\n\t\t\t\t\t<div class=\"wc-block-grid__product-image\"><img loading=\"lazy\" decoding=\"async\" width=\"800\" height=\"800\" src=\"https:\/\/sintitubear.org\/wp-content\/uploads\/2026\/01\/Portada-WEB-19-800x800.png\" class=\"attachment-woocommerce_thumbnail size-woocommerce_thumbnail\" alt=\"Manualidades B\u00edblicas para Ni\u00f1os \u2013 G\u00e9nesis 11 (PDF Gratis)\" srcset=\"https:\/\/sintitubear.org\/wp-content\/uploads\/2026\/01\/Portada-WEB-19-800x800.png 800w, https:\/\/sintitubear.org\/wp-content\/uploads\/2026\/01\/Portada-WEB-19-500x500.png 500w, https:\/\/sintitubear.org\/wp-content\/uploads\/2026\/01\/Portada-WEB-19-300x300.png 300w, https:\/\/sintitubear.org\/wp-content\/uploads\/2026\/01\/Portada-WEB-19-768x768.png 768w, https:\/\/sintitubear.org\/wp-content\/uploads\/2026\/01\/Portada-WEB-19-150x150.png 150w, https:\/\/sintitubear.org\/wp-content\/uploads\/2026\/01\/Portada-WEB-19-75x75.png 75w, https:\/\/sintitubear.org\/wp-content\/uploads\/2026\/01\/Portada-WEB-19-480x480.png 480w, https:\/\/sintitubear.org\/wp-content\/uploads\/2026\/01\/Portada-WEB-19.png 1000w\" sizes=\"auto, (max-width:767px) 480px, (max-width:800px) 100vw, 800px\" \/><\/div>\n\t\t\t\t\t<div class=\"wc-block-grid__product-title\">Manualidades B\u00edblicas para Ni\u00f1os \u2013 G\u00e9nesis 11 (PDF Gratis)<\/div>\n\t\t\t\t<\/a>\n\t\t\t\t<div class=\"wc-block-grid__product-price price\"><span class=\"woocommerce-Price-amount amount\">0,00&nbsp;<span class=\"woocommerce-Price-currencySymbol\">&euro;<\/span><\/span><\/div>\n\t\t\t\t\n\t\t\t\t<div class=\"wp-block-button wc-block-grid__product-add-to-cart\"><a href=\"\/index.php?rest_route=%2Fwp%2Fv2%2Fpages%2F214&#038;add-to-cart=1337\" aria-label=\"Add to cart: &ldquo;Manualidades B\u00edblicas para Ni\u00f1os \u2013 G\u00e9nesis 11 (PDF Gratis)&rdquo;\" data-quantity=\"1\" data-product_id=\"1337\" data-product_sku=\"\" data-price=\"0\" rel=\"nofollow\" class=\"wp-block-button__link  add_to_cart_button ajax_add_to_cart\">A\u00f1adir al carrito<\/a><\/div>\n\t\t\t<\/li><\/ul><\/div><\/div>\n<\/div>\n","protected":false},"excerpt":{"rendered":"","protected":false},"author":1,"featured_media":0,"parent":0,"menu_order":0,"comment_status":"closed","ping_status":"closed","template":"","meta":{"footnotes":""},"class_list":["post-214","page","type-page","status-publish","hentry"],"_links":{"self":[{"href":"https:\/\/sintitubear.org\/index.php?rest_route=\/wp\/v2\/pages\/214","targetHints":{"allow":["GET"]}}],"collection":[{"href":"https:\/\/sintitubear.org\/index.php?rest_route=\/wp\/v2\/pages"}],"about":[{"href":"https:\/\/sintitubear.org\/index.php?rest_route=\/wp\/v2\/types\/page"}],"author":[{"embeddable":true,"href":"https:\/\/sintitubear.org\/index.php?rest_route=\/wp\/v2\/users\/1"}],"replies":[{"embeddable":true,"href":"https:\/\/sintitubear.org\/index.php?rest_route=%2Fwp%2Fv2%2Fcomments&post=214"}],"version-history":[{"count":0,"href":"https:\/\/sintitubear.org\/index.php?rest_route=\/wp\/v2\/pages\/214\/revisions"}],"wp:attachment":[{"href":"https:\/\/sintitubear.org\/index.php?rest_route=%2Fwp%2Fv2%2Fmedia&parent=214"}],"curies":[{"name":"wp","href":"https:\/\/api.w.org\/{rel}","templated":true}]}}