{"id":1036,"date":"2025-11-16T17:54:23","date_gmt":"2025-11-16T22:54:23","guid":{"rendered":"https:\/\/sintitubear.org\/?post_type=product&#038;p=1036"},"modified":"2026-04-22T11:19:05","modified_gmt":"2026-04-22T16:19:05","slug":"libro-de-manualidades-de-genesis-libro-completo","status":"publish","type":"product","link":"https:\/\/sintitubear.org\/?product=libro-de-manualidades-de-genesis-libro-completo","title":{"rendered":"Libro de Manualidades de G\u00e9nesis \u2013 Libro Completo"},"content":{"rendered":"<h4 data-pm-slice=\"1 1 []\"><span style=\"color: #000000;\"><strong>Sobre este producto:<\/strong><\/span><\/h4>\n<p><span style=\"color: #000000;\">\ud83c\udfa8 Este libro completo en formato PDF incluye:<\/span><\/p>\n<ul>\n<li><span style=\"color: #000000;\">26 manualidades diferentes y f\u00e1ciles, donde solo necesitaras pocos materiales para poder hacerlos.<\/span><\/li>\n<li>cada manualidad esta inspirada en el libro de G\u00e9nesis.<\/li>\n<\/ul>\n<p><span style=\"color: #000000;\">\ud83d\udca1 \u00a1Una forma divertida y profunda de sembrar la Palabra de Dios en sus corazones.!<\/span><br \/>\n<span style=\"color: #000000;\">Perfecta para momentos en familia, clases o simplemente para reforzar valores que dejan huella. \u2702\ufe0f\ud83c\udfa8<\/span><\/p>\n<hr \/>\n<p data-start=\"86\" data-end=\"124\">\u2728 <strong data-start=\"88\" data-end=\"120\">C\u00f3mo descargar tu manualidad<\/strong> \u2728<\/p>\n<p data-start=\"126\" data-end=\"563\">1\ufe0f\u20e3 Agrega la manualidad al \ud83d\uded2 carrito.<br data-start=\"165\" data-end=\"168\" \/>2\ufe0f\u20e3 Cuando tengas todas listas, toca la bolsita \ud83d\udecd\ufe0f con el n\u00famero rojo arriba a la derecha.<br data-start=\"259\" data-end=\"262\" \/>3\ufe0f\u20e3 Da clic en <strong data-start=\"277\" data-end=\"297\">Proceder al pago<\/strong> \ud83d\udcb3 (RECUERDA LA MAYORIA DE LAS MANUALIDADES SON GRATUITAS, ASI QUE NO TE PREOCUPES QUE YA LA CUENTA ESTA SALDADA).<br data-start=\"301\" data-end=\"304\" \/>4\ufe0f\u20e3 Rellena tus datos \u270d\ufe0f (nombre, ciudad, etc).<br data-start=\"351\" data-end=\"354\" \/>\ud83d\udce7 \u00a1Muy importante! Pon bien tu correo, porque en un m\u00e1ximo de 24 horas te llegar\u00e1 la informaci\u00f3n. (en caso de ser una descarga urgente por favor comun\u00edcate con el siguiente numero: +34 640967952)<br data-start=\"431\" data-end=\"434\" \/>5\ufe0f\u20e3 Presiona <strong data-start=\"447\" data-end=\"466\">Realizar pedido<\/strong> \u2705.<br data-start=\"469\" data-end=\"472\" \/>6\ufe0f\u20e3 \u00a1Listo! \ud83c\udf89 Confirmaremos tu pedido y te llegar\u00e1 un correo con el link de descarga \u2b07\ufe0f.<\/p>\n<hr \/>\n<h4><strong>Importante:<br \/>\n<\/strong><\/h4>\n<h4 data-start=\"141\" data-end=\"166\">\ud83d\udcbb Producto Digital<\/h4>\n<p data-start=\"167\" data-end=\"464\">Este es un <strong data-start=\"178\" data-end=\"203\">producto 100% digital<\/strong>, no f\u00edsico.<br data-start=\"215\" data-end=\"218\" \/>Una vez realizada la solicitud, recibir\u00e1s el enlace de descarga directamente en tu <strong data-start=\"311\" data-end=\"364\">correo electr\u00f3nico en un plazo m\u00e1ximo de 24 horas<\/strong>.<br data-start=\"365\" data-end=\"368\" \/>Por favor, aseg\u00farate de ingresar correctamente tu direcci\u00f3n de correo al momento de la compra.<\/p>\n<p><span class=\"OYPEnA font-feature-liga-off font-feature-clig-off font-feature-calt-off text-decoration-none text-strikethrough-none\">*Este material es para uso personal, familiar o ministerial. No est\u00e1 permitido reproducirlo, venderlo ni distribuirlo con fines comerciales. Gracias por respetar el prop\u00f3sito de este recurso: bendecir y ense\u00f1ar la Palabra de Dios a los ni\u00f1os.<\/span><\/p>\n<hr \/>\n<h4 data-start=\"244\" data-end=\"269\"><strong>\ud83d\udce9<span style=\"color: #000000;\">\u00a0Dudas o sugerencias<\/span><\/strong><\/h4>\n<p data-start=\"271\" data-end=\"487\"><span style=\"color: #000000;\">\u00bfTienes alguna pregunta sobre nuestras manualidades, descargas o contenido?<\/span><br data-start=\"346\" data-end=\"349\" \/><span style=\"color: #000000;\">\u00bfTe gustar\u00eda proponer un vers\u00edculo para una pr\u00f3xima actividad?<\/span><br data-start=\"411\" data-end=\"414\" \/><span style=\"color: #000000;\">\u00bfO simplemente quieres compartir c\u00f3mo este material ha bendecido tu vida?<\/span><\/p>\n<p data-start=\"489\" data-end=\"517\"><span style=\"color: #000000;\"><strong data-start=\"489\" data-end=\"514\">Nos encantar\u00e1 leerte.<\/strong>\u00a0\ud83d\udc8c<\/span><\/p>\n<p data-start=\"519\" data-end=\"633\"><span style=\"color: #000000;\">\u2728 En\u00a0<em data-start=\"524\" data-end=\"538\">Sin Titubear<\/em>, valoramos cada mensaje, porque sabemos que Dios tambi\u00e9n habla a trav\u00e9s de personas como t\u00fa.<\/span><\/p>\n<p data-start=\"635\" data-end=\"782\"><span style=\"color: #000000;\">\ud83d\udd38 Escr\u00edbenos a nuestro correo: dudas@sintitubear.org<\/span><\/p>\n","protected":false},"excerpt":{"rendered":"<p data-start=\"89\" data-end=\"392\">Descubre todo el libro de G\u00e9nesis de una forma <strong data-start=\"201\" data-end=\"243\">creativa, divertida y f\u00e1cil de ense\u00f1ar<\/strong>. Este libro virtual re\u00fane <strong data-start=\"270\" data-end=\"307\">manualidades simples y memorables<\/strong> para que ni\u00f1os y ni\u00f1as aprendan verdades b\u00edblicas mientras crean con sus manos. \ud83c\udfa8\ud83d\ude4c<\/p>\n<p data-start=\"394\" data-end=\"595\">Cada actividad est\u00e1 conectada con un pasaje de G\u00e9nesis \u2014desde la creaci\u00f3n \ud83c\udf0d hasta la historia de Jos\u00e9 \ud83c\udf3e\u2014 para ayudar a que los peque\u00f1os comprendan la Palabra de Dios de manera visual y significativa.<\/p>\n<p data-start=\"597\" data-end=\"761\">Perfecto para <strong data-start=\"611\" data-end=\"650\">padres, maestros y l\u00edderes de ni\u00f1os<\/strong>, incluye instrucciones claras, materiales accesibles y una ense\u00f1anza b\u00edblica para cada proyecto. \ud83d\udc68\u200d\ud83d\udc69\u200d\ud83d\udc67\u200d\ud83d\udc66\u271d\ufe0f<br \/>\nAlguna de las manualidades est\u00e1n disponibles de manera gratuita en la p\u00e1gina, sin embargo este libro incluye otras manualidades que solo estar\u00e1n en este e-book, gracias por apoyar el ministerio.<\/p>\n<p>*Este es un producto de pago, \u00a1gracias por apoyar al ministerio!<\/p>\n","protected":false},"featured_media":1039,"comment_status":"closed","ping_status":"closed","template":"","meta":[],"product_brand":[16],"product_cat":[30],"product_tag":[],"class_list":{"0":"post-1036","1":"product","2":"type-product","3":"status-publish","4":"has-post-thumbnail","6":"product_brand-sin-titubear-kids","7":"product_cat-libros-de-manualidades-completo","9":"first","10":"instock","11":"sale","12":"downloadable","13":"virtual","14":"purchasable","15":"product-type-simple"},"_links":{"self":[{"href":"https:\/\/sintitubear.org\/index.php?rest_route=\/wp\/v2\/product\/1036","targetHints":{"allow":["GET"]}}],"collection":[{"href":"https:\/\/sintitubear.org\/index.php?rest_route=\/wp\/v2\/product"}],"about":[{"href":"https:\/\/sintitubear.org\/index.php?rest_route=\/wp\/v2\/types\/product"}],"replies":[{"embeddable":true,"href":"https:\/\/sintitubear.org\/index.php?rest_route=%2Fwp%2Fv2%2Fcomments&post=1036"}],"wp:featuredmedia":[{"embeddable":true,"href":"https:\/\/sintitubear.org\/index.php?rest_route=\/wp\/v2\/media\/1039"}],"wp:attachment":[{"href":"https:\/\/sintitubear.org\/index.php?rest_route=%2Fwp%2Fv2%2Fmedia&parent=1036"}],"wp:term":[{"taxonomy":"product_brand","embeddable":true,"href":"https:\/\/sintitubear.org\/index.php?rest_route=%2Fwp%2Fv2%2Fproduct_brand&post=1036"},{"taxonomy":"product_cat","embeddable":true,"href":"https:\/\/sintitubear.org\/index.php?rest_route=%2Fwp%2Fv2%2Fproduct_cat&post=1036"},{"taxonomy":"product_tag","embeddable":true,"href":"https:\/\/sintitubear.org\/index.php?rest_route=%2Fwp%2Fv2%2Fproduct_tag&post=1036"}],"curies":[{"name":"wp","href":"https:\/\/api.w.org\/{rel}","templated":true}]}}