{"id":158,"date":"2025-07-13T10:18:12","date_gmt":"2025-07-13T15:18:12","guid":{"rendered":"https:\/\/sintitubear.org\/?post_type=product&#038;p=158"},"modified":"2026-04-30T19:21:04","modified_gmt":"2026-05-01T00:21:04","slug":"manualidades-biblicas-para-ninos-1-juan-419-pdf-gratis","status":"publish","type":"product","link":"https:\/\/sintitubear.org\/?product=manualidades-biblicas-para-ninos-1-juan-419-pdf-gratis","title":{"rendered":"Manualidades B\u00edblicas para Ni\u00f1os \u2013 1 Juan 4:19 (PDF Gratis)"},"content":{"rendered":"<h4 data-pm-slice=\"1 1 []\"><span style=\"color: #000000;\"><strong>Sobre este producto:<\/strong><\/span><\/h4>\n<p><span style=\"color: #000000;\">\ud83c\udfa8 Este PDF incluye:<\/span><\/p>\n<ul>\n<li><span style=\"color: #000000;\">2 hojas que conforma una sola manualidad donde puedes utilizarla tanto para ni\u00f1os como para ni\u00f1as, puedes recortar, colorear decorar y recordar sobre los valores del vers\u00edculo.<\/span><\/li>\n<\/ul>\n<p><span style=\"color: #000000;\">Ideal para usar en casa, escuela dominical o clases b\u00edblicas \ud83c\udfe1\u26ea.<\/span><\/p>\n<p><span style=\"color: #000000;\">\ud83d\udca1 \u00a1Una forma divertida y profunda de sembrar la Palabra de Dios en sus corazones.!<\/span><\/p>\n<hr \/>\n<p data-start=\"1132\" data-end=\"1207\"><span style=\"color: #000000;\">\ud83c\udf81\u00a0Desc\u00e1rgalo ahora y empieza a sembrar pensamientos firmes\u2026 \u00a1sin titubear!<br \/>\n<\/span><\/p>\n<p data-start=\"86\" data-end=\"124\">\u2728 <strong data-start=\"88\" data-end=\"120\">C\u00f3mo descargar tu manualidad<\/strong> \u2728<\/p>\n<p data-start=\"126\" data-end=\"563\">1\ufe0f\u20e3 Agrega la manualidad al \ud83d\uded2 carrito.<br data-start=\"165\" data-end=\"168\" \/>2\ufe0f\u20e3 Cuando tengas todas listas, toca la bolsita \ud83d\udecd\ufe0f con el n\u00famero rojo arriba a la derecha.<br data-start=\"259\" data-end=\"262\" \/>3\ufe0f\u20e3 Da clic en <strong data-start=\"277\" data-end=\"297\">Proceder al pago<\/strong> \ud83d\udcb3 (RECUERDA LA MAYORIA DE LAS MANUALIDADES SON GRATUITAS, ASI QUE NO TE PREOCUPES QUE YA LA CUENTA ESTA SALDADA).<br data-start=\"301\" data-end=\"304\" \/>4\ufe0f\u20e3 Rellena tus datos \u270d\ufe0f (nombre, ciudad, etc).<br data-start=\"351\" data-end=\"354\" \/>\ud83d\udce7 \u00a1Muy importante! Pon bien tu correo, porque en un m\u00e1ximo de 24 horas te llegar\u00e1 la informaci\u00f3n. (en caso de ser una descarga urgente por favor comun\u00edcate con el siguiente numero: +34 640967952)<br data-start=\"431\" data-end=\"434\" \/>5\ufe0f\u20e3 Presiona <strong data-start=\"447\" data-end=\"466\">Realizar pedido<\/strong> \u2705.<br data-start=\"469\" data-end=\"472\" \/>6\ufe0f\u20e3 \u00a1Listo! \ud83c\udf89 Confirmaremos tu pedido y te llegar\u00e1 un correo con el link de descarga \u2b07\ufe0f.<\/p>\n<hr \/>\n<h4><strong>Importante:<br \/>\n<\/strong><\/h4>\n<h4 data-start=\"141\" data-end=\"166\">\ud83d\udcbb Producto Digital<\/h4>\n<p data-start=\"167\" data-end=\"464\">Este es un <strong data-start=\"178\" data-end=\"203\">producto 100% digital<\/strong>, no f\u00edsico.<br data-start=\"215\" data-end=\"218\" \/>Una vez realizada la solicitud, recibir\u00e1s el enlace de descarga directamente en tu <strong data-start=\"311\" data-end=\"364\">correo electr\u00f3nico en un plazo m\u00e1ximo de 24 horas<\/strong>.<br data-start=\"365\" data-end=\"368\" \/>Por favor, aseg\u00farate de ingresar correctamente tu direcci\u00f3n de correo al momento de la compra.<\/p>\n<p><span class=\"OYPEnA font-feature-liga-off font-feature-clig-off font-feature-calt-off text-decoration-none text-strikethrough-none\">*Este material es para uso personal, familiar o ministerial. No est\u00e1 permitido reproducirlo, venderlo ni distribuirlo con fines comerciales. Gracias por respetar el prop\u00f3sito de este recurso: bendecir y ense\u00f1ar la Palabra de Dios a los ni\u00f1os.<\/span><\/p>\n<hr \/>\n<h4 data-start=\"244\" data-end=\"269\"><span style=\"color: #000000;\"><strong>\ud83d\udce9\u00a0Dudas o sugerencias<\/strong><\/span><\/h4>\n<p data-start=\"271\" data-end=\"487\"><span style=\"color: #000000;\">\u00bfTienes alguna pregunta sobre nuestras manualidades, descargas o contenido?<\/span><br data-start=\"346\" data-end=\"349\" \/><span style=\"color: #000000;\">\u00bfTe gustar\u00eda proponer un vers\u00edculo para una pr\u00f3xima actividad?<\/span><br data-start=\"411\" data-end=\"414\" \/><span style=\"color: #000000;\">\u00bfO simplemente quieres compartir c\u00f3mo este material ha bendecido tu vida?<\/span><\/p>\n<p data-start=\"489\" data-end=\"517\"><span style=\"color: #000000;\"><strong data-start=\"489\" data-end=\"514\">Nos encantar\u00e1 leerte.<\/strong>\u00a0\ud83d\udc8c<\/span><\/p>\n<p data-start=\"519\" data-end=\"633\"><span style=\"color: #000000;\">\u2728 En\u00a0<em data-start=\"524\" data-end=\"538\">Sin Titubear<\/em>, valoramos cada mensaje, porque sabemos que Dios tambi\u00e9n habla a trav\u00e9s de personas como t\u00fa.<\/span><\/p>\n<p data-start=\"635\" data-end=\"782\"><span style=\"color: #000000;\">\ud83d\udd38 Escr\u00edbenos a nuestro correo: dudas@sintitubear.org<\/span><\/p>\n","protected":false},"excerpt":{"rendered":"<h5>\ud83d\udc96 \u00ab\u00c9l nos am\u00f3 primero&#8230;\u00bb<\/h5>\n<p>Este PDF contiene \u2702\ufe0f\ud83d\udd8d\ufe0f una manualidad cristiana creativa basada en 1 Juan 4:19, dise\u00f1ada para ayudar a los ni\u00f1os a comprender y expresar el amor de Dios de una forma pr\u00e1ctica y significativa.<\/p>\n","protected":false},"featured_media":161,"comment_status":"open","ping_status":"closed","template":"","meta":[],"product_brand":[16],"product_cat":[15],"product_tag":[8,7,12,9,4,13,6,11],"class_list":{"0":"post-158","1":"product","2":"type-product","3":"status-publish","4":"has-post-thumbnail","6":"product_brand-sin-titubear-kids","7":"product_cat-manualidades-gratuitas","8":"product_tag-actividades-cristianas","9":"product_tag-biblia-para-ninos","10":"product_tag-creatividad-con-proposito","11":"product_tag-educacion-cristiana","12":"product_tag-manualidad-biblica","13":"product_tag-manualidades-para-escuela-dominical","14":"product_tag-recursos-cristianos-para-ninos","15":"product_tag-sin-titubear","17":"first","18":"instock","19":"downloadable","20":"shipping-taxable","21":"purchasable","22":"product-type-simple"},"_links":{"self":[{"href":"https:\/\/sintitubear.org\/index.php?rest_route=\/wp\/v2\/product\/158","targetHints":{"allow":["GET"]}}],"collection":[{"href":"https:\/\/sintitubear.org\/index.php?rest_route=\/wp\/v2\/product"}],"about":[{"href":"https:\/\/sintitubear.org\/index.php?rest_route=\/wp\/v2\/types\/product"}],"replies":[{"embeddable":true,"href":"https:\/\/sintitubear.org\/index.php?rest_route=%2Fwp%2Fv2%2Fcomments&post=158"}],"wp:featuredmedia":[{"embeddable":true,"href":"https:\/\/sintitubear.org\/index.php?rest_route=\/wp\/v2\/media\/161"}],"wp:attachment":[{"href":"https:\/\/sintitubear.org\/index.php?rest_route=%2Fwp%2Fv2%2Fmedia&parent=158"}],"wp:term":[{"taxonomy":"product_brand","embeddable":true,"href":"https:\/\/sintitubear.org\/index.php?rest_route=%2Fwp%2Fv2%2Fproduct_brand&post=158"},{"taxonomy":"product_cat","embeddable":true,"href":"https:\/\/sintitubear.org\/index.php?rest_route=%2Fwp%2Fv2%2Fproduct_cat&post=158"},{"taxonomy":"product_tag","embeddable":true,"href":"https:\/\/sintitubear.org\/index.php?rest_route=%2Fwp%2Fv2%2Fproduct_tag&post=158"}],"curies":[{"name":"wp","href":"https:\/\/api.w.org\/{rel}","templated":true}]}}